{"id":116,"date":"2018-02-22T02:08:13","date_gmt":"2018-02-22T02:08:13","guid":{"rendered":"http:\/\/bessompierre.com\/peter\/?page_id=116"},"modified":"2018-03-05T11:25:30","modified_gmt":"2018-03-05T11:25:30","slug":"edition","status":"publish","type":"page","link":"http:\/\/bessompierre.com\/peter\/?page_id=116","title":{"rendered":"EDITION"},"content":{"rendered":"<div class=\"texte entry-content\">\n<p>&nbsp;<\/p>\n<\/div>\n<h5>Amiti\u00e9 de Guy Debord, rapide comme une charge de cavalerie l\u00e9g\u00e8re<\/h5>\n<p>broch\u00e9, avril 2010<\/p>\n<p><a href=\"http:\/\/bessompierre.com\/peter\/wp-content\/uploads\/2018\/02\/couvdebord-e1519327501626.jpg\"><img loading=\"lazy\" decoding=\"async\" src=\"http:\/\/bessompierre.com\/peter\/wp-content\/uploads\/2018\/02\/couvdebord-e1519327501626.jpg\" alt=\"\" width=\"193\" height=\"301\" class=\"alignnone size-full wp-image-195\" \/><\/a><\/p>\n<p><span>En 1980, Bessompierre rencontre Guy Debord, venu s&rsquo;installer \u00e0 Arles o\u00f9 il restera jusqu&rsquo;en 1987. De leur amiti\u00e9 lui est venue l&rsquo;id\u00e9e de ce livre qui montre comment, chez Debord, la vie quotidienne et la relation avec les autres \u00e9taient en ad\u00e9quation avec sa pens\u00e9e et ses \u00e9crits. Derri\u00e8re le mythe, il y a un \u00eatre de chair, certes porteur d&rsquo;une magnifique et lucide pens\u00e9e, qui ne v\u00e9cut pas sa vie comme une abstraction. Cette contribution \u00e0 restituer &#8211; \u00e0 r\u00e9incarner &#8211; la personne de Debord est une tentative pour r\u00e9duire l&rsquo;ignorance malheureuse que nous avons souvent de l&rsquo;existence des hommes ayant marqu\u00e9 leur \u00e9poque et l&rsquo;Histoire. Le texte est accompagn\u00e9 de photos et de dessins que l&rsquo;auteur a r\u00e9alis\u00e9s \u00e0 Arles et \u00e0 Champot (Haute-Loire), dans les maisons de Guy Debord.\u00a0\u00a0En 2001, 1&rsquo;un de ses tableaux figure sur la couverture de \u00ab\u00a0Cette mauvaise r\u00e9putation\u00a0\u00bb de Guy Debord, publi\u00e9 chez Gallimard.<\/span><\/p>\n<p>&nbsp;<\/p>\n<h5>Manifeste pour la peinture\u00a0 &#8211;\u00a0 une illusion sup\u00e9rieure\u00a0 &#8211;\u00a0 la v\u00e9rit\u00e9<\/h5>\n<p>16&#215;22 cm<br \/>\nLivre d&rsquo;artiste num\u00e9rot\u00e9 de 1 \u00e0 100 avec un dessin original &#8211; 2004 &#8211; 100\u20ac<\/p>\n<p><a href=\"http:\/\/bessompierre.com\/peter\/wp-content\/uploads\/2018\/03\/manifeste_couv.jpg\"><img loading=\"lazy\" decoding=\"async\" src=\"http:\/\/bessompierre.com\/peter\/wp-content\/uploads\/2018\/03\/manifeste_couv-253x300.jpg\" alt=\"\" width=\"253\" height=\"300\" class=\"alignnone size-medium wp-image-358\" srcset=\"http:\/\/bessompierre.com\/peter\/wp-content\/uploads\/2018\/03\/manifeste_couv-253x300.jpg 253w, http:\/\/bessompierre.com\/peter\/wp-content\/uploads\/2018\/03\/manifeste_couv-768x912.jpg 768w, http:\/\/bessompierre.com\/peter\/wp-content\/uploads\/2018\/03\/manifeste_couv-863x1024.jpg 863w, http:\/\/bessompierre.com\/peter\/wp-content\/uploads\/2018\/03\/manifeste_couv.jpg 1000w\" sizes=\"(max-width: 253px) 100vw, 253px\" \/><\/a><br \/>\n<a href=\"http:\/\/bessompierre.com\/peter\/wp-content\/uploads\/2018\/03\/manifest_book.jpg\"><img loading=\"lazy\" decoding=\"async\" src=\"http:\/\/bessompierre.com\/peter\/wp-content\/uploads\/2018\/03\/manifest_book-300x237.jpg\" alt=\"\" width=\"300\" height=\"237\" class=\"alignnone size-medium wp-image-359\" srcset=\"http:\/\/bessompierre.com\/peter\/wp-content\/uploads\/2018\/03\/manifest_book-300x237.jpg 300w, http:\/\/bessompierre.com\/peter\/wp-content\/uploads\/2018\/03\/manifest_book-768x606.jpg 768w, http:\/\/bessompierre.com\/peter\/wp-content\/uploads\/2018\/03\/manifest_book.jpg 1000w\" sizes=\"(max-width: 300px) 100vw, 300px\" \/><br \/>\n<\/a><a href=\"http:\/\/bessompierre.com\/peter\/wp-content\/uploads\/2018\/03\/manifeste_page.jpg\"><img loading=\"lazy\" decoding=\"async\" src=\"http:\/\/bessompierre.com\/peter\/wp-content\/uploads\/2018\/03\/manifeste_page-300x293.jpg\" alt=\"\" width=\"300\" height=\"293\" class=\"alignnone size-medium wp-image-365\" srcset=\"http:\/\/bessompierre.com\/peter\/wp-content\/uploads\/2018\/03\/manifeste_page-300x293.jpg 300w, http:\/\/bessompierre.com\/peter\/wp-content\/uploads\/2018\/03\/manifeste_page-768x749.jpg 768w, http:\/\/bessompierre.com\/peter\/wp-content\/uploads\/2018\/03\/manifeste_page-1024x999.jpg 1024w, http:\/\/bessompierre.com\/peter\/wp-content\/uploads\/2018\/03\/manifeste_page.jpg 1200w\" sizes=\"(max-width: 300px) 100vw, 300px\" \/><\/a><a href=\"http:\/\/bessompierre.com\/peter\/wp-content\/uploads\/2018\/03\/manifest_book.jpg\"><br \/>\n<\/a><a href=\"http:\/\/bessompierre.com\/peter\/wp-content\/uploads\/2018\/03\/manifest_book.jpg\"><\/a><\/p>\n<p>&nbsp;<\/p>\n<h5>SAUVAGE ET CIVILISATION<\/h5>\n<p class=\"spip\"><span>136 p. format 24 x 16,5.<\/span><br \/>\n<span>ISSN 1953-6291<\/span><br \/>\n<span>\u00c9ditions Sulliver, 2007<\/span><\/p>\n<div id=\"wpfp_c1f2784d2ee56f3a510bbefcafda7cc2\" data-item=\"{&quot;sources&quot;:[{&quot;src&quot;:&quot;http:\\\/\\\/aaria-tv.com\\\/peter\\\/media\\\/flv\\\/toro_sauvage.mp4&quot;,&quot;type&quot;:&quot;video\\\/mp4&quot;}]}\" class=\"flowplayer no-brand is-splash fvp-play-button\" style=\"max-width: 640px; max-height: 360px; background-image: url(http:\/\/bessompierre.com\/peter\/wp-content\/uploads\/2018\/02\/livre1.jpg);\" data-ratio=\"0.5625\">\n\t<div class=\"fp-ratio\" style=\"padding-top: 56.25%\"><\/div>\n<div class='fvp-share-bar'><ul class=\"fvp-sharing\">\n    <li><a class=\"sharing-facebook\" href=\"https:\/\/www.facebook.com\/sharer\/sharer.php?u=http%3A%2F%2Fbessompierre.com%2Fpeter%2F%3Fpage_id%3D116\" target=\"_blank\">Facebook<\/a><\/li>\n    <li><a class=\"sharing-twitter\" href=\"https:\/\/twitter.com\/home?status=Galerie+Bessompierre+http%3A%2F%2Fbessompierre.com%2Fpeter%2F%3Fpage_id%3D116\" target=\"_blank\">Twitter<\/a><\/li>\n    <li><a class=\"sharing-google\" href=\"https:\/\/plus.google.com\/share?url=http%3A%2F%2Fbessompierre.com%2Fpeter%2F%3Fpage_id%3D116\" target=\"_blank\">Google+<\/a><\/li>\n    <li><a class=\"sharing-email\" href=\"mailto:?body=Check%20out%20the%20amazing%20video%20here%3A%20http%3A%2F%2Fbessompierre.com%2Fpeter%2F%3Fpage_id%3D116\" target=\"_blank\">Email<\/a><\/li><\/ul><div><a class=\"sharing-link\" href=\"http:\/\/bessompierre.com\/peter\/?page_id=116\" target=\"_blank\">Link<\/a><\/div><div><label><a class=\"embed-code-toggle\" href=\"#\"><strong>Embed<\/strong><\/a><\/label><\/div><div class=\"embed-code\"><label>Copy and paste this HTML code into your webpage to embed.<\/label><textarea><\/textarea><\/div><\/div>\n<\/div>\n\n<div class=\"chapo\">\n<p>Sauvage et civilisation sont deux termes que l\u2019on oppose et s\u00e9pare. Ils recouvrent des zones de la nature humaine qui se distinguent par ce que l\u2019une concerne plus pr\u00e9cis\u00e9ment ce qui est rest\u00e9 dans l\u2019individu, depuis l\u2019origine, cette ombre qui agit depuis le primitif, dans l\u2019intuition, la pulsion, le sentiment, et qui inqui\u00e8te. Tandis quel autre se d\u00e9finit dans le nombre, dans l\u2019organisation sociale, morale et civile des individus, dans une structure qui organise leurs rapports, leur attribue des fonctions, les m\u00e9canise, les l\u00e9galise et les dirige pour des objectifs qui lui sont propres, \u00e9conomiques, politiques et militaires.<\/p>\n<\/div>\n<div class=\"texte entry-content\">\n<p>Le sauvage est dans la racine comme une dent de l\u2019humanit\u00e9, et la civilisation est la machine qui malaxe les groupes et les \u00eatres, c\u2019est le p\u00e9trisseur de la p\u00e2te humaine, dans un mouvement sinuso\u00efdal, de croissance et de d\u00e9cadence.<\/p>\n<p>La civilisation c\u2019est le tout des hommes travers\u00e9 par le mugissement des taureaux et les lianes de la pens\u00e9e.<\/p>\n<p>Le sauvage est sur la peau des adolescents, dans les boutons sur leurs joues, dans l\u2019odeur des gen\u00eats et les poils sous les bras. Il s\u2019\u00e9coule rouge sous la peau noire ou blanche et sous la veste de l\u2019ouvrier comme sous le costume de l\u2019homme d\u2019affaires.<\/p>\n<\/div>\n","protected":false},"excerpt":{"rendered":"<p>&nbsp; Amiti\u00e9 de Guy Debord, rapide comme une charge de cavalerie l\u00e9g\u00e8re broch\u00e9, avril 2010 En 1980, Bessompierre rencontre Guy Debord, venu s&rsquo;installer \u00e0 Arles o\u00f9 il restera jusqu&rsquo;en 1987. De leur amiti\u00e9 lui est venue l&rsquo;id\u00e9e de ce livre qui montre comment, chez Debord, la vie quotidienne et la [&hellip;]<\/p>\n","protected":false},"author":1,"featured_media":0,"parent":0,"menu_order":0,"comment_status":"closed","ping_status":"closed","template":"","meta":{"footnotes":""},"_links":{"self":[{"href":"http:\/\/bessompierre.com\/peter\/index.php?rest_route=\/wp\/v2\/pages\/116"}],"collection":[{"href":"http:\/\/bessompierre.com\/peter\/index.php?rest_route=\/wp\/v2\/pages"}],"about":[{"href":"http:\/\/bessompierre.com\/peter\/index.php?rest_route=\/wp\/v2\/types\/page"}],"author":[{"embeddable":true,"href":"http:\/\/bessompierre.com\/peter\/index.php?rest_route=\/wp\/v2\/users\/1"}],"replies":[{"embeddable":true,"href":"http:\/\/bessompierre.com\/peter\/index.php?rest_route=%2Fwp%2Fv2%2Fcomments&post=116"}],"version-history":[{"count":17,"href":"http:\/\/bessompierre.com\/peter\/index.php?rest_route=\/wp\/v2\/pages\/116\/revisions"}],"predecessor-version":[{"id":366,"href":"http:\/\/bessompierre.com\/peter\/index.php?rest_route=\/wp\/v2\/pages\/116\/revisions\/366"}],"wp:attachment":[{"href":"http:\/\/bessompierre.com\/peter\/index.php?rest_route=%2Fwp%2Fv2%2Fmedia&parent=116"}],"curies":[{"name":"wp","href":"https:\/\/api.w.org\/{rel}","templated":true}]}}